{"id":483,"date":"2019-03-13T20:18:14","date_gmt":"2019-03-13T19:18:14","guid":{"rendered":"http:\/\/gabyceramique.fr\/?page_id=483"},"modified":"2019-03-13T20:19:05","modified_gmt":"2019-03-13T19:19:05","slug":"le-tour","status":"publish","type":"page","link":"https:\/\/gabyceramique.fr\/?page_id=483","title":{"rendered":"Le Tour"},"content":{"rendered":"\n<p>Mes premi\u00e8res pi\u00e8ces r\u00e9alis\u00e9es au tour&#8230;.<\/p>\n\n\n\n<ul class=\"wp-block-gallery columns-3 is-cropped wp-block-gallery-1 is-layout-flex wp-block-gallery-is-layout-flex\"><li class=\"blocks-gallery-item\"><figure><img fetchpriority=\"high\" decoding=\"async\" width=\"768\" height=\"1024\" src=\"http:\/\/gabyceramique.fr\/wp-content\/uploads\/2019\/03\/camphoto_684387517-768x1024.jpg\" alt=\"\" data-id=\"486\" data-link=\"http:\/\/gabyceramique.fr\/?attachment_id=486\" class=\"wp-image-486\" srcset=\"https:\/\/gabyceramique.fr\/wp-content\/uploads\/2019\/03\/camphoto_684387517-768x1024.jpg 768w, https:\/\/gabyceramique.fr\/wp-content\/uploads\/2019\/03\/camphoto_684387517-scaled-600x800.jpg 600w, https:\/\/gabyceramique.fr\/wp-content\/uploads\/2019\/03\/camphoto_684387517-225x300.jpg 225w, https:\/\/gabyceramique.fr\/wp-content\/uploads\/2019\/03\/camphoto_684387517-scaled.jpg 1920w\" sizes=\"(max-width: 768px) 100vw, 768px\" \/><\/figure><\/li><li class=\"blocks-gallery-item\"><figure><img decoding=\"async\" width=\"768\" height=\"1024\" src=\"http:\/\/gabyceramique.fr\/wp-content\/uploads\/2019\/03\/camphoto_1254324197-768x1024.jpg\" alt=\"\" data-id=\"487\" data-link=\"http:\/\/gabyceramique.fr\/?attachment_id=487\" class=\"wp-image-487\" srcset=\"https:\/\/gabyceramique.fr\/wp-content\/uploads\/2019\/03\/camphoto_1254324197-768x1024.jpg 768w, https:\/\/gabyceramique.fr\/wp-content\/uploads\/2019\/03\/camphoto_1254324197-scaled-600x800.jpg 600w, https:\/\/gabyceramique.fr\/wp-content\/uploads\/2019\/03\/camphoto_1254324197-225x300.jpg 225w, https:\/\/gabyceramique.fr\/wp-content\/uploads\/2019\/03\/camphoto_1254324197-scaled.jpg 1920w\" sizes=\"(max-width: 768px) 100vw, 768px\" \/><\/figure><\/li><li class=\"blocks-gallery-item\"><figure><img decoding=\"async\" width=\"768\" height=\"1024\" src=\"http:\/\/gabyceramique.fr\/wp-content\/uploads\/2019\/03\/camphoto_1804928587-768x1024.jpg\" alt=\"\" data-id=\"488\" data-link=\"http:\/\/gabyceramique.fr\/?attachment_id=488\" class=\"wp-image-488\" srcset=\"https:\/\/gabyceramique.fr\/wp-content\/uploads\/2019\/03\/camphoto_1804928587-768x1024.jpg 768w, https:\/\/gabyceramique.fr\/wp-content\/uploads\/2019\/03\/camphoto_1804928587-scaled-600x800.jpg 600w, https:\/\/gabyceramique.fr\/wp-content\/uploads\/2019\/03\/camphoto_1804928587-225x300.jpg 225w, https:\/\/gabyceramique.fr\/wp-content\/uploads\/2019\/03\/camphoto_1804928587-scaled.jpg 1920w\" sizes=\"(max-width: 768px) 100vw, 768px\" \/><\/figure><\/li><\/ul>\n","protected":false},"excerpt":{"rendered":"<p>Mes premi\u00e8res pi\u00e8ces r\u00e9alis\u00e9es au tour&#8230;.<\/p>\n","protected":false},"author":1,"featured_media":0,"parent":0,"menu_order":0,"comment_status":"closed","ping_status":"closed","template":"","meta":{"_kad_post_transparent":"","_kad_post_title":"","_kad_post_layout":"","_kad_post_sidebar_id":"","_kad_post_content_style":"","_kad_post_vertical_padding":"","_kad_post_feature":"","_kad_post_feature_position":"","_kad_post_header":false,"_kad_post_footer":false,"footnotes":"","_advanced_animation_props":"","_moveable":"","_advanced_block_media_mapping":[]},"_links":{"self":[{"href":"https:\/\/gabyceramique.fr\/index.php?rest_route=\/wp\/v2\/pages\/483"}],"collection":[{"href":"https:\/\/gabyceramique.fr\/index.php?rest_route=\/wp\/v2\/pages"}],"about":[{"href":"https:\/\/gabyceramique.fr\/index.php?rest_route=\/wp\/v2\/types\/page"}],"author":[{"embeddable":true,"href":"https:\/\/gabyceramique.fr\/index.php?rest_route=\/wp\/v2\/users\/1"}],"replies":[{"embeddable":true,"href":"https:\/\/gabyceramique.fr\/index.php?rest_route=%2Fwp%2Fv2%2Fcomments&post=483"}],"version-history":[{"count":3,"href":"https:\/\/gabyceramique.fr\/index.php?rest_route=\/wp\/v2\/pages\/483\/revisions"}],"predecessor-version":[{"id":489,"href":"https:\/\/gabyceramique.fr\/index.php?rest_route=\/wp\/v2\/pages\/483\/revisions\/489"}],"wp:attachment":[{"href":"https:\/\/gabyceramique.fr\/index.php?rest_route=%2Fwp%2Fv2%2Fmedia&parent=483"}],"curies":[{"name":"wp","href":"https:\/\/api.w.org\/{rel}","templated":true}]}}