{"id":362,"date":"2018-12-01T15:49:09","date_gmt":"2018-12-01T14:49:09","guid":{"rendered":"http:\/\/gabyceramique.fr\/?page_id=362"},"modified":"2023-08-28T14:04:42","modified_gmt":"2023-08-28T12:04:42","slug":"essai-2","status":"publish","type":"page","link":"https:\/\/gabyceramique.fr\/?page_id=362","title":{"rendered":"Photos Ateliers Enfants"},"content":{"rendered":"\n<p>Quelques pi\u00e8ces r\u00e9alis\u00e9es par les enfants lors des ateliers des vacances d&rsquo;\u00e9t\u00e9, de la Toussaint, de No\u00ebl et de F\u00e9vrier&#8230;..Bravo !!<br><\/p>\n\n\n\n<figure class=\"wp-block-gallery has-nested-images columns-default is-cropped wp-block-gallery-1 is-layout-flex wp-block-gallery-is-layout-flex\">\n<figure class=\"wp-block-image\"><img fetchpriority=\"high\" decoding=\"async\" width=\"1024\" height=\"768\" data-id=\"464\" src=\"https:\/\/gabyceramique.fr\/wp-content\/uploads\/2019\/03\/IMG_4244-1024x768.jpeg\" alt=\"\" class=\"wp-image-464\" srcset=\"https:\/\/gabyceramique.fr\/wp-content\/uploads\/2019\/03\/IMG_4244-1024x768.jpeg 1024w, https:\/\/gabyceramique.fr\/wp-content\/uploads\/2019\/03\/IMG_4244-600x450.jpeg 600w, https:\/\/gabyceramique.fr\/wp-content\/uploads\/2019\/03\/IMG_4244-300x225.jpeg 300w, https:\/\/gabyceramique.fr\/wp-content\/uploads\/2019\/03\/IMG_4244-768x576.jpeg 768w, https:\/\/gabyceramique.fr\/wp-content\/uploads\/2019\/03\/IMG_4244.jpeg 2048w\" sizes=\"(max-width: 1024px) 100vw, 1024px\" \/><\/figure>\n\n\n\n<figure class=\"wp-block-image\"><img decoding=\"async\" width=\"768\" height=\"1024\" data-id=\"465\" src=\"https:\/\/gabyceramique.fr\/wp-content\/uploads\/2019\/03\/IMG_4165-768x1024.jpeg\" alt=\"\" class=\"wp-image-465\" srcset=\"https:\/\/gabyceramique.fr\/wp-content\/uploads\/2019\/03\/IMG_4165-768x1024.jpeg 768w, https:\/\/gabyceramique.fr\/wp-content\/uploads\/2019\/03\/IMG_4165-600x800.jpeg 600w, https:\/\/gabyceramique.fr\/wp-content\/uploads\/2019\/03\/IMG_4165-225x300.jpeg 225w, https:\/\/gabyceramique.fr\/wp-content\/uploads\/2019\/03\/IMG_4165.jpeg 1536w\" sizes=\"(max-width: 768px) 100vw, 768px\" \/><\/figure>\n\n\n\n<figure class=\"wp-block-image\"><img decoding=\"async\" width=\"1024\" height=\"768\" data-id=\"466\" src=\"https:\/\/gabyceramique.fr\/wp-content\/uploads\/2019\/03\/IMG_4227-1024x768.jpeg\" alt=\"\" class=\"wp-image-466\" srcset=\"https:\/\/gabyceramique.fr\/wp-content\/uploads\/2019\/03\/IMG_4227-1024x768.jpeg 1024w, https:\/\/gabyceramique.fr\/wp-content\/uploads\/2019\/03\/IMG_4227-600x450.jpeg 600w, https:\/\/gabyceramique.fr\/wp-content\/uploads\/2019\/03\/IMG_4227-300x225.jpeg 300w, https:\/\/gabyceramique.fr\/wp-content\/uploads\/2019\/03\/IMG_4227-768x576.jpeg 768w, https:\/\/gabyceramique.fr\/wp-content\/uploads\/2019\/03\/IMG_4227.jpeg 2048w\" sizes=\"(max-width: 1024px) 100vw, 1024px\" \/><\/figure>\n\n\n\n<figure class=\"wp-block-image\"><img loading=\"lazy\" decoding=\"async\" width=\"1024\" height=\"768\" data-id=\"467\" src=\"https:\/\/gabyceramique.fr\/wp-content\/uploads\/2019\/03\/IMG_4247-1024x768.jpeg\" alt=\"\" class=\"wp-image-467\" srcset=\"https:\/\/gabyceramique.fr\/wp-content\/uploads\/2019\/03\/IMG_4247-1024x768.jpeg 1024w, https:\/\/gabyceramique.fr\/wp-content\/uploads\/2019\/03\/IMG_4247-600x450.jpeg 600w, https:\/\/gabyceramique.fr\/wp-content\/uploads\/2019\/03\/IMG_4247-300x225.jpeg 300w, https:\/\/gabyceramique.fr\/wp-content\/uploads\/2019\/03\/IMG_4247-768x576.jpeg 768w, https:\/\/gabyceramique.fr\/wp-content\/uploads\/2019\/03\/IMG_4247.jpeg 2048w\" sizes=\"(max-width: 1024px) 100vw, 1024px\" \/><\/figure>\n\n\n\n<figure class=\"wp-block-image\"><img loading=\"lazy\" decoding=\"async\" width=\"1024\" height=\"768\" data-id=\"468\" src=\"https:\/\/gabyceramique.fr\/wp-content\/uploads\/2019\/03\/IMG_4137-1024x768.jpeg\" alt=\"\" class=\"wp-image-468\" srcset=\"https:\/\/gabyceramique.fr\/wp-content\/uploads\/2019\/03\/IMG_4137-1024x768.jpeg 1024w, https:\/\/gabyceramique.fr\/wp-content\/uploads\/2019\/03\/IMG_4137-600x450.jpeg 600w, https:\/\/gabyceramique.fr\/wp-content\/uploads\/2019\/03\/IMG_4137-300x225.jpeg 300w, https:\/\/gabyceramique.fr\/wp-content\/uploads\/2019\/03\/IMG_4137-768x576.jpeg 768w, https:\/\/gabyceramique.fr\/wp-content\/uploads\/2019\/03\/IMG_4137.jpeg 2048w\" sizes=\"(max-width: 1024px) 100vw, 1024px\" \/><\/figure>\n\n\n\n<figure class=\"wp-block-image\"><img loading=\"lazy\" decoding=\"async\" width=\"768\" height=\"1024\" data-id=\"469\" src=\"https:\/\/gabyceramique.fr\/wp-content\/uploads\/2019\/03\/IMG_4121-768x1024.jpeg\" alt=\"\" class=\"wp-image-469\" srcset=\"https:\/\/gabyceramique.fr\/wp-content\/uploads\/2019\/03\/IMG_4121-768x1024.jpeg 768w, https:\/\/gabyceramique.fr\/wp-content\/uploads\/2019\/03\/IMG_4121-600x800.jpeg 600w, https:\/\/gabyceramique.fr\/wp-content\/uploads\/2019\/03\/IMG_4121-225x300.jpeg 225w, https:\/\/gabyceramique.fr\/wp-content\/uploads\/2019\/03\/IMG_4121.jpeg 1536w\" sizes=\"(max-width: 768px) 100vw, 768px\" \/><\/figure>\n\n\n\n<figure class=\"wp-block-image\"><img loading=\"lazy\" decoding=\"async\" width=\"768\" height=\"1024\" data-id=\"470\" src=\"https:\/\/gabyceramique.fr\/wp-content\/uploads\/2019\/03\/IMG_4184-768x1024.jpeg\" alt=\"\" class=\"wp-image-470\" srcset=\"https:\/\/gabyceramique.fr\/wp-content\/uploads\/2019\/03\/IMG_4184-768x1024.jpeg 768w, https:\/\/gabyceramique.fr\/wp-content\/uploads\/2019\/03\/IMG_4184-600x800.jpeg 600w, https:\/\/gabyceramique.fr\/wp-content\/uploads\/2019\/03\/IMG_4184-225x300.jpeg 225w, https:\/\/gabyceramique.fr\/wp-content\/uploads\/2019\/03\/IMG_4184.jpeg 1536w\" sizes=\"(max-width: 768px) 100vw, 768px\" \/><\/figure>\n\n\n\n<figure class=\"wp-block-image\"><img loading=\"lazy\" decoding=\"async\" width=\"1024\" height=\"768\" data-id=\"471\" src=\"https:\/\/gabyceramique.fr\/wp-content\/uploads\/2019\/03\/IMG_4129-1024x768.jpeg\" alt=\"\" class=\"wp-image-471\" srcset=\"https:\/\/gabyceramique.fr\/wp-content\/uploads\/2019\/03\/IMG_4129-1024x768.jpeg 1024w, https:\/\/gabyceramique.fr\/wp-content\/uploads\/2019\/03\/IMG_4129-600x450.jpeg 600w, https:\/\/gabyceramique.fr\/wp-content\/uploads\/2019\/03\/IMG_4129-300x225.jpeg 300w, https:\/\/gabyceramique.fr\/wp-content\/uploads\/2019\/03\/IMG_4129-768x576.jpeg 768w, https:\/\/gabyceramique.fr\/wp-content\/uploads\/2019\/03\/IMG_4129.jpeg 2048w\" sizes=\"(max-width: 1024px) 100vw, 1024px\" \/><\/figure>\n\n\n\n<figure class=\"wp-block-image\"><img loading=\"lazy\" decoding=\"async\" width=\"1024\" height=\"768\" data-id=\"472\" src=\"https:\/\/gabyceramique.fr\/wp-content\/uploads\/2019\/03\/IMG_4130-1024x768.jpeg\" alt=\"\" class=\"wp-image-472\" srcset=\"https:\/\/gabyceramique.fr\/wp-content\/uploads\/2019\/03\/IMG_4130-1024x768.jpeg 1024w, https:\/\/gabyceramique.fr\/wp-content\/uploads\/2019\/03\/IMG_4130-600x450.jpeg 600w, https:\/\/gabyceramique.fr\/wp-content\/uploads\/2019\/03\/IMG_4130-300x225.jpeg 300w, https:\/\/gabyceramique.fr\/wp-content\/uploads\/2019\/03\/IMG_4130-768x576.jpeg 768w, https:\/\/gabyceramique.fr\/wp-content\/uploads\/2019\/03\/IMG_4130.jpeg 2048w\" sizes=\"(max-width: 1024px) 100vw, 1024px\" \/><\/figure>\n\n\n\n<figure class=\"wp-block-image\"><img loading=\"lazy\" decoding=\"async\" width=\"1024\" height=\"576\" data-id=\"473\" src=\"https:\/\/gabyceramique.fr\/wp-content\/uploads\/2019\/03\/1724E08D-3556-4B73-AC56-94701E01E19E-1024x576.jpg\" alt=\"\" class=\"wp-image-473\" srcset=\"https:\/\/gabyceramique.fr\/wp-content\/uploads\/2019\/03\/1724E08D-3556-4B73-AC56-94701E01E19E-1024x576.jpg 1024w, https:\/\/gabyceramique.fr\/wp-content\/uploads\/2019\/03\/1724E08D-3556-4B73-AC56-94701E01E19E-300x169.jpg 300w, https:\/\/gabyceramique.fr\/wp-content\/uploads\/2019\/03\/1724E08D-3556-4B73-AC56-94701E01E19E-768x432.jpg 768w\" sizes=\"(max-width: 1024px) 100vw, 1024px\" \/><\/figure>\n\n\n\n<figure class=\"wp-block-image\"><img loading=\"lazy\" decoding=\"async\" width=\"1024\" height=\"768\" data-id=\"474\" src=\"https:\/\/gabyceramique.fr\/wp-content\/uploads\/2019\/03\/236f70bd-44ef-400f-a406-7d98a91c9d4c-1024x768.jpg\" alt=\"\" class=\"wp-image-474\" srcset=\"https:\/\/gabyceramique.fr\/wp-content\/uploads\/2019\/03\/236f70bd-44ef-400f-a406-7d98a91c9d4c.jpg 1024w, https:\/\/gabyceramique.fr\/wp-content\/uploads\/2019\/03\/236f70bd-44ef-400f-a406-7d98a91c9d4c-600x450.jpg 600w, https:\/\/gabyceramique.fr\/wp-content\/uploads\/2019\/03\/236f70bd-44ef-400f-a406-7d98a91c9d4c-300x225.jpg 300w, https:\/\/gabyceramique.fr\/wp-content\/uploads\/2019\/03\/236f70bd-44ef-400f-a406-7d98a91c9d4c-768x576.jpg 768w\" sizes=\"(max-width: 1024px) 100vw, 1024px\" \/><\/figure>\n\n\n\n<figure class=\"wp-block-image\"><img loading=\"lazy\" decoding=\"async\" width=\"1024\" height=\"768\" data-id=\"475\" src=\"https:\/\/gabyceramique.fr\/wp-content\/uploads\/2019\/03\/9378233f-814d-4b02-a979-ad5917d56dae1-1024x768.jpg\" alt=\"\" class=\"wp-image-475\" srcset=\"https:\/\/gabyceramique.fr\/wp-content\/uploads\/2019\/03\/9378233f-814d-4b02-a979-ad5917d56dae1-1024x768.jpg 1024w, https:\/\/gabyceramique.fr\/wp-content\/uploads\/2019\/03\/9378233f-814d-4b02-a979-ad5917d56dae1-600x450.jpg 600w, https:\/\/gabyceramique.fr\/wp-content\/uploads\/2019\/03\/9378233f-814d-4b02-a979-ad5917d56dae1-300x225.jpg 300w, https:\/\/gabyceramique.fr\/wp-content\/uploads\/2019\/03\/9378233f-814d-4b02-a979-ad5917d56dae1-768x576.jpg 768w, https:\/\/gabyceramique.fr\/wp-content\/uploads\/2019\/03\/9378233f-814d-4b02-a979-ad5917d56dae1.jpg 1600w\" sizes=\"(max-width: 1024px) 100vw, 1024px\" \/><\/figure>\n\n\n\n<figure class=\"wp-block-image\"><img loading=\"lazy\" decoding=\"async\" width=\"768\" height=\"1024\" data-id=\"476\" src=\"https:\/\/gabyceramique.fr\/wp-content\/uploads\/2019\/03\/67136723-453d-4845-9eed-4b8e3896ef931-768x1024.jpg\" alt=\"\" class=\"wp-image-476\" srcset=\"https:\/\/gabyceramique.fr\/wp-content\/uploads\/2019\/03\/67136723-453d-4845-9eed-4b8e3896ef931-768x1024.jpg 768w, https:\/\/gabyceramique.fr\/wp-content\/uploads\/2019\/03\/67136723-453d-4845-9eed-4b8e3896ef931-600x800.jpg 600w, https:\/\/gabyceramique.fr\/wp-content\/uploads\/2019\/03\/67136723-453d-4845-9eed-4b8e3896ef931-225x300.jpg 225w, https:\/\/gabyceramique.fr\/wp-content\/uploads\/2019\/03\/67136723-453d-4845-9eed-4b8e3896ef931.jpg 1200w\" sizes=\"(max-width: 768px) 100vw, 768px\" \/><\/figure>\n\n\n\n<figure class=\"wp-block-image\"><img loading=\"lazy\" decoding=\"async\" width=\"768\" height=\"1024\" data-id=\"477\" src=\"https:\/\/gabyceramique.fr\/wp-content\/uploads\/2019\/03\/e02c7738-31d2-41c3-ad0c-6fff132642cb1-768x1024.jpg\" alt=\"\" class=\"wp-image-477\" srcset=\"https:\/\/gabyceramique.fr\/wp-content\/uploads\/2019\/03\/e02c7738-31d2-41c3-ad0c-6fff132642cb1-768x1024.jpg 768w, https:\/\/gabyceramique.fr\/wp-content\/uploads\/2019\/03\/e02c7738-31d2-41c3-ad0c-6fff132642cb1-600x800.jpg 600w, https:\/\/gabyceramique.fr\/wp-content\/uploads\/2019\/03\/e02c7738-31d2-41c3-ad0c-6fff132642cb1-225x300.jpg 225w, https:\/\/gabyceramique.fr\/wp-content\/uploads\/2019\/03\/e02c7738-31d2-41c3-ad0c-6fff132642cb1.jpg 1200w\" sizes=\"(max-width: 768px) 100vw, 768px\" \/><\/figure>\n\n\n\n<figure class=\"wp-block-image\"><img loading=\"lazy\" decoding=\"async\" width=\"768\" height=\"1024\" data-id=\"478\" src=\"https:\/\/gabyceramique.fr\/wp-content\/uploads\/2019\/03\/6f17b22f-a9b0-4a88-8bbd-d5b12cbf38b1-768x1024.jpg\" alt=\"\" class=\"wp-image-478\" srcset=\"https:\/\/gabyceramique.fr\/wp-content\/uploads\/2019\/03\/6f17b22f-a9b0-4a88-8bbd-d5b12cbf38b1-768x1024.jpg 768w, https:\/\/gabyceramique.fr\/wp-content\/uploads\/2019\/03\/6f17b22f-a9b0-4a88-8bbd-d5b12cbf38b1-600x800.jpg 600w, https:\/\/gabyceramique.fr\/wp-content\/uploads\/2019\/03\/6f17b22f-a9b0-4a88-8bbd-d5b12cbf38b1-225x300.jpg 225w, https:\/\/gabyceramique.fr\/wp-content\/uploads\/2019\/03\/6f17b22f-a9b0-4a88-8bbd-d5b12cbf38b1.jpg 1200w\" sizes=\"(max-width: 768px) 100vw, 768px\" \/><\/figure>\n\n\n\n<figure class=\"wp-block-image\"><img loading=\"lazy\" decoding=\"async\" width=\"768\" height=\"1024\" data-id=\"479\" src=\"https:\/\/gabyceramique.fr\/wp-content\/uploads\/2019\/03\/e576639c-d77a-48c0-958c-c11598ee3241-768x1024.jpg\" alt=\"\" class=\"wp-image-479\" srcset=\"https:\/\/gabyceramique.fr\/wp-content\/uploads\/2019\/03\/e576639c-d77a-48c0-958c-c11598ee3241-768x1024.jpg 768w, https:\/\/gabyceramique.fr\/wp-content\/uploads\/2019\/03\/e576639c-d77a-48c0-958c-c11598ee3241-600x800.jpg 600w, https:\/\/gabyceramique.fr\/wp-content\/uploads\/2019\/03\/e576639c-d77a-48c0-958c-c11598ee3241-225x300.jpg 225w, https:\/\/gabyceramique.fr\/wp-content\/uploads\/2019\/03\/e576639c-d77a-48c0-958c-c11598ee3241.jpg 1200w\" sizes=\"(max-width: 768px) 100vw, 768px\" \/><\/figure>\n\n\n\n<figure class=\"wp-block-image\"><img loading=\"lazy\" decoding=\"async\" width=\"1024\" height=\"768\" data-id=\"480\" src=\"https:\/\/gabyceramique.fr\/wp-content\/uploads\/2019\/03\/d5eb77d6-b969-4928-8ee4-4047278ea765-1024x768.jpg\" alt=\"\" class=\"wp-image-480\" srcset=\"https:\/\/gabyceramique.fr\/wp-content\/uploads\/2019\/03\/d5eb77d6-b969-4928-8ee4-4047278ea765.jpg 1024w, https:\/\/gabyceramique.fr\/wp-content\/uploads\/2019\/03\/d5eb77d6-b969-4928-8ee4-4047278ea765-600x450.jpg 600w, https:\/\/gabyceramique.fr\/wp-content\/uploads\/2019\/03\/d5eb77d6-b969-4928-8ee4-4047278ea765-300x225.jpg 300w, https:\/\/gabyceramique.fr\/wp-content\/uploads\/2019\/03\/d5eb77d6-b969-4928-8ee4-4047278ea765-768x576.jpg 768w\" sizes=\"(max-width: 1024px) 100vw, 1024px\" \/><\/figure>\n<\/figure>\n","protected":false},"excerpt":{"rendered":"<p>Quelques pi\u00e8ces r\u00e9alis\u00e9es par les enfants lors des ateliers des vacances d&rsquo;\u00e9t\u00e9, de la Toussaint, de No\u00ebl et de F\u00e9vrier&#8230;..Bravo !!<\/p>\n","protected":false},"author":1,"featured_media":0,"parent":0,"menu_order":0,"comment_status":"closed","ping_status":"closed","template":"","meta":{"_kad_post_transparent":"","_kad_post_title":"","_kad_post_layout":"","_kad_post_sidebar_id":"","_kad_post_content_style":"","_kad_post_vertical_padding":"","_kad_post_feature":"","_kad_post_feature_position":"","_kad_post_header":false,"_kad_post_footer":false,"footnotes":"","_advanced_animation_props":"","_moveable":"","_advanced_block_media_mapping":[]},"_links":{"self":[{"href":"https:\/\/gabyceramique.fr\/index.php?rest_route=\/wp\/v2\/pages\/362"}],"collection":[{"href":"https:\/\/gabyceramique.fr\/index.php?rest_route=\/wp\/v2\/pages"}],"about":[{"href":"https:\/\/gabyceramique.fr\/index.php?rest_route=\/wp\/v2\/types\/page"}],"author":[{"embeddable":true,"href":"https:\/\/gabyceramique.fr\/index.php?rest_route=\/wp\/v2\/users\/1"}],"replies":[{"embeddable":true,"href":"https:\/\/gabyceramique.fr\/index.php?rest_route=%2Fwp%2Fv2%2Fcomments&post=362"}],"version-history":[{"count":5,"href":"https:\/\/gabyceramique.fr\/index.php?rest_route=\/wp\/v2\/pages\/362\/revisions"}],"predecessor-version":[{"id":22317,"href":"https:\/\/gabyceramique.fr\/index.php?rest_route=\/wp\/v2\/pages\/362\/revisions\/22317"}],"wp:attachment":[{"href":"https:\/\/gabyceramique.fr\/index.php?rest_route=%2Fwp%2Fv2%2Fmedia&parent=362"}],"curies":[{"name":"wp","href":"https:\/\/api.w.org\/{rel}","templated":true}]}}