{"id":26,"date":"2017-04-23T17:29:04","date_gmt":"2017-04-23T15:29:04","guid":{"rendered":"http:\/\/gabyceramique.fr\/?page_id=26"},"modified":"2019-01-13T14:26:29","modified_gmt":"2019-01-13T13:26:29","slug":"essai","status":"publish","type":"page","link":"https:\/\/gabyceramique.fr\/?page_id=26","title":{"rendered":"La cuisson Raku&#8230;&#8230;."},"content":{"rendered":"\n<p>Une de mes\ntechniques pr\u00e9f\u00e9r\u00e9e est le Raku &nbsp;, n\u00e9 au\nmilieu du 15 si\u00e8cle au Japon. <\/p>\n\n\n\n<p>La cuisson\nRaku &nbsp;consiste \u00e0 recuire une pi\u00e8ce\nbiscuit\u00e9 dans un four sp\u00e9cial .<\/p>\n\n\n\n<p>Les&nbsp; pi\u00e8ces sont d\u00e9fourn\u00e9es \u00e0 950\n\u2013 1000 \u00b0C selon l\u2019\u00e9mail, et mises &nbsp;rapidement &nbsp;dans \u00ab&nbsp; une marmite&nbsp;\u00bb remplie de copeaux,\nde sciure de bois. Lorsque de grandes flammes apparaissent,&nbsp; il est temps de couvrir&nbsp; pour permettre une r\u00e9duction, c&rsquo;est-\u00e0-dire\nabsence d\u2019oxyg\u00e8ne.<\/p>\n\n\n\n<p>Une fois les pi\u00e8ces refroidies, un peu de nettoyage s\u2019impose. Il faut frotter\npour retirer tout l\u2019enfumage en exc\u00e8s sur l\u2019\u00e9mail.<\/p>\n\n\n\n<p>Chaque cuisson est une surprise&nbsp;; la magie de l\u2019\u00e9mail,\nla formation des craquelures, les reflets produits\u2026.<\/p>\n\n\n\n<ul class=\"wp-block-gallery columns-3 is-cropped wp-block-gallery-1 is-layout-flex wp-block-gallery-is-layout-flex\"><li class=\"blocks-gallery-item\"><figure><img fetchpriority=\"high\" decoding=\"async\" width=\"1024\" height=\"768\" src=\"http:\/\/gabyceramique.fr\/wp-content\/uploads\/2019\/01\/IMG_1472-1-1024x768.jpg\" alt=\"\" data-id=\"429\" data-link=\"http:\/\/gabyceramique.fr\/?attachment_id=429\" class=\"wp-image-429\" srcset=\"https:\/\/gabyceramique.fr\/wp-content\/uploads\/2019\/01\/IMG_1472-1-1024x768.jpg 1024w, https:\/\/gabyceramique.fr\/wp-content\/uploads\/2019\/01\/IMG_1472-1-600x450.jpg 600w, https:\/\/gabyceramique.fr\/wp-content\/uploads\/2019\/01\/IMG_1472-1-300x225.jpg 300w, https:\/\/gabyceramique.fr\/wp-content\/uploads\/2019\/01\/IMG_1472-1-768x576.jpg 768w, https:\/\/gabyceramique.fr\/wp-content\/uploads\/2019\/01\/IMG_1472-1.jpg 1136w\" sizes=\"(max-width: 1024px) 100vw, 1024px\" \/><\/figure><\/li><li class=\"blocks-gallery-item\"><figure><img decoding=\"async\" width=\"768\" height=\"1024\" src=\"http:\/\/gabyceramique.fr\/wp-content\/uploads\/2019\/01\/IMG_1321-768x1024.jpeg\" alt=\"\" data-id=\"431\" data-link=\"http:\/\/gabyceramique.fr\/?attachment_id=431\" class=\"wp-image-431\" srcset=\"https:\/\/gabyceramique.fr\/wp-content\/uploads\/2019\/01\/IMG_1321-768x1024.jpeg 768w, https:\/\/gabyceramique.fr\/wp-content\/uploads\/2019\/01\/IMG_1321-600x800.jpeg 600w, https:\/\/gabyceramique.fr\/wp-content\/uploads\/2019\/01\/IMG_1321-225x300.jpeg 225w, https:\/\/gabyceramique.fr\/wp-content\/uploads\/2019\/01\/IMG_1321.jpeg 1536w\" sizes=\"(max-width: 768px) 100vw, 768px\" \/><\/figure><\/li><li class=\"blocks-gallery-item\"><figure><img decoding=\"async\" width=\"1024\" height=\"768\" src=\"http:\/\/gabyceramique.fr\/wp-content\/uploads\/2019\/01\/IMG_1598-1-1024x768.jpeg\" alt=\"\" data-id=\"432\" data-link=\"http:\/\/gabyceramique.fr\/?attachment_id=432\" class=\"wp-image-432\" srcset=\"https:\/\/gabyceramique.fr\/wp-content\/uploads\/2019\/01\/IMG_1598-1-1024x768.jpeg 1024w, https:\/\/gabyceramique.fr\/wp-content\/uploads\/2019\/01\/IMG_1598-1-600x450.jpeg 600w, https:\/\/gabyceramique.fr\/wp-content\/uploads\/2019\/01\/IMG_1598-1-300x225.jpeg 300w, https:\/\/gabyceramique.fr\/wp-content\/uploads\/2019\/01\/IMG_1598-1-768x576.jpeg 768w, https:\/\/gabyceramique.fr\/wp-content\/uploads\/2019\/01\/IMG_1598-1.jpeg 2048w\" sizes=\"(max-width: 1024px) 100vw, 1024px\" \/><\/figure><\/li><li class=\"blocks-gallery-item\"><figure><img loading=\"lazy\" decoding=\"async\" width=\"1024\" height=\"768\" src=\"http:\/\/gabyceramique.fr\/wp-content\/uploads\/2019\/01\/IMG_1615-1-1024x768.jpeg\" alt=\"\" data-id=\"433\" data-link=\"http:\/\/gabyceramique.fr\/?attachment_id=433\" class=\"wp-image-433\" srcset=\"https:\/\/gabyceramique.fr\/wp-content\/uploads\/2019\/01\/IMG_1615-1-1024x768.jpeg 1024w, https:\/\/gabyceramique.fr\/wp-content\/uploads\/2019\/01\/IMG_1615-1-600x450.jpeg 600w, https:\/\/gabyceramique.fr\/wp-content\/uploads\/2019\/01\/IMG_1615-1-300x225.jpeg 300w, https:\/\/gabyceramique.fr\/wp-content\/uploads\/2019\/01\/IMG_1615-1-768x576.jpeg 768w, https:\/\/gabyceramique.fr\/wp-content\/uploads\/2019\/01\/IMG_1615-1.jpeg 2048w\" sizes=\"(max-width: 1024px) 100vw, 1024px\" \/><\/figure><\/li><li class=\"blocks-gallery-item\"><figure><img loading=\"lazy\" decoding=\"async\" width=\"1024\" height=\"768\" src=\"http:\/\/gabyceramique.fr\/wp-content\/uploads\/2019\/01\/IMG_1616-1024x768.jpeg\" alt=\"\" data-id=\"434\" data-link=\"http:\/\/gabyceramique.fr\/?attachment_id=434\" class=\"wp-image-434\" srcset=\"https:\/\/gabyceramique.fr\/wp-content\/uploads\/2019\/01\/IMG_1616-1024x768.jpeg 1024w, https:\/\/gabyceramique.fr\/wp-content\/uploads\/2019\/01\/IMG_1616-600x450.jpeg 600w, https:\/\/gabyceramique.fr\/wp-content\/uploads\/2019\/01\/IMG_1616-300x225.jpeg 300w, https:\/\/gabyceramique.fr\/wp-content\/uploads\/2019\/01\/IMG_1616-768x576.jpeg 768w, https:\/\/gabyceramique.fr\/wp-content\/uploads\/2019\/01\/IMG_1616.jpeg 2048w\" sizes=\"(max-width: 1024px) 100vw, 1024px\" \/><\/figure><\/li><li class=\"blocks-gallery-item\"><figure><img loading=\"lazy\" decoding=\"async\" width=\"1024\" height=\"768\" src=\"http:\/\/gabyceramique.fr\/wp-content\/uploads\/2019\/01\/IMG_1653-1024x768.jpeg\" alt=\"\" data-id=\"435\" data-link=\"http:\/\/gabyceramique.fr\/?attachment_id=435\" class=\"wp-image-435\" srcset=\"https:\/\/gabyceramique.fr\/wp-content\/uploads\/2019\/01\/IMG_1653-1024x768.jpeg 1024w, https:\/\/gabyceramique.fr\/wp-content\/uploads\/2019\/01\/IMG_1653-600x450.jpeg 600w, https:\/\/gabyceramique.fr\/wp-content\/uploads\/2019\/01\/IMG_1653-300x225.jpeg 300w, https:\/\/gabyceramique.fr\/wp-content\/uploads\/2019\/01\/IMG_1653-768x576.jpeg 768w, https:\/\/gabyceramique.fr\/wp-content\/uploads\/2019\/01\/IMG_1653.jpeg 2048w\" sizes=\"(max-width: 1024px) 100vw, 1024px\" \/><\/figure><\/li><li class=\"blocks-gallery-item\"><figure><img loading=\"lazy\" decoding=\"async\" width=\"1024\" height=\"768\" src=\"http:\/\/gabyceramique.fr\/wp-content\/uploads\/2019\/01\/IMG_1608-1024x768.jpeg\" alt=\"\" data-id=\"436\" data-link=\"http:\/\/gabyceramique.fr\/?attachment_id=436\" class=\"wp-image-436\" srcset=\"https:\/\/gabyceramique.fr\/wp-content\/uploads\/2019\/01\/IMG_1608-1024x768.jpeg 1024w, https:\/\/gabyceramique.fr\/wp-content\/uploads\/2019\/01\/IMG_1608-600x450.jpeg 600w, https:\/\/gabyceramique.fr\/wp-content\/uploads\/2019\/01\/IMG_1608-300x225.jpeg 300w, https:\/\/gabyceramique.fr\/wp-content\/uploads\/2019\/01\/IMG_1608-768x576.jpeg 768w, https:\/\/gabyceramique.fr\/wp-content\/uploads\/2019\/01\/IMG_1608.jpeg 2048w\" sizes=\"(max-width: 1024px) 100vw, 1024px\" \/><\/figure><\/li><li class=\"blocks-gallery-item\"><figure><img loading=\"lazy\" decoding=\"async\" width=\"1024\" height=\"768\" src=\"http:\/\/gabyceramique.fr\/wp-content\/uploads\/2019\/01\/IMG_1615-2-1024x768.jpeg\" alt=\"\" data-id=\"437\" data-link=\"http:\/\/gabyceramique.fr\/?attachment_id=437\" class=\"wp-image-437\" srcset=\"https:\/\/gabyceramique.fr\/wp-content\/uploads\/2019\/01\/IMG_1615-2-1024x768.jpeg 1024w, https:\/\/gabyceramique.fr\/wp-content\/uploads\/2019\/01\/IMG_1615-2-600x450.jpeg 600w, https:\/\/gabyceramique.fr\/wp-content\/uploads\/2019\/01\/IMG_1615-2-300x225.jpeg 300w, https:\/\/gabyceramique.fr\/wp-content\/uploads\/2019\/01\/IMG_1615-2-768x576.jpeg 768w, https:\/\/gabyceramique.fr\/wp-content\/uploads\/2019\/01\/IMG_1615-2.jpeg 2048w\" sizes=\"(max-width: 1024px) 100vw, 1024px\" \/><\/figure><\/li><li class=\"blocks-gallery-item\"><figure><img loading=\"lazy\" decoding=\"async\" width=\"768\" height=\"1024\" src=\"http:\/\/gabyceramique.fr\/wp-content\/uploads\/2019\/01\/IMG_3863-768x1024.jpeg\" alt=\"\" data-id=\"440\" data-link=\"http:\/\/gabyceramique.fr\/?attachment_id=440\" class=\"wp-image-440\" srcset=\"https:\/\/gabyceramique.fr\/wp-content\/uploads\/2019\/01\/IMG_3863-768x1024.jpeg 768w, https:\/\/gabyceramique.fr\/wp-content\/uploads\/2019\/01\/IMG_3863-600x800.jpeg 600w, https:\/\/gabyceramique.fr\/wp-content\/uploads\/2019\/01\/IMG_3863-225x300.jpeg 225w, https:\/\/gabyceramique.fr\/wp-content\/uploads\/2019\/01\/IMG_3863.jpeg 1536w\" sizes=\"(max-width: 768px) 100vw, 768px\" \/><\/figure><\/li><li class=\"blocks-gallery-item\"><figure><img loading=\"lazy\" decoding=\"async\" width=\"768\" height=\"1024\" src=\"http:\/\/gabyceramique.fr\/wp-content\/uploads\/2019\/01\/IMG_1430-1-768x1024.jpeg\" alt=\"\" data-id=\"441\" data-link=\"http:\/\/gabyceramique.fr\/?attachment_id=441\" class=\"wp-image-441\" srcset=\"https:\/\/gabyceramique.fr\/wp-content\/uploads\/2019\/01\/IMG_1430-1-768x1024.jpeg 768w, https:\/\/gabyceramique.fr\/wp-content\/uploads\/2019\/01\/IMG_1430-1-600x800.jpeg 600w, https:\/\/gabyceramique.fr\/wp-content\/uploads\/2019\/01\/IMG_1430-1-225x300.jpeg 225w, https:\/\/gabyceramique.fr\/wp-content\/uploads\/2019\/01\/IMG_1430-1.jpeg 1536w\" sizes=\"(max-width: 768px) 100vw, 768px\" \/><\/figure><\/li><li class=\"blocks-gallery-item\"><figure><img loading=\"lazy\" decoding=\"async\" width=\"768\" height=\"1024\" src=\"http:\/\/gabyceramique.fr\/wp-content\/uploads\/2019\/01\/IMG_1431-1-768x1024.jpeg\" alt=\"\" data-id=\"442\" data-link=\"http:\/\/gabyceramique.fr\/?attachment_id=442\" class=\"wp-image-442\" srcset=\"https:\/\/gabyceramique.fr\/wp-content\/uploads\/2019\/01\/IMG_1431-1-768x1024.jpeg 768w, https:\/\/gabyceramique.fr\/wp-content\/uploads\/2019\/01\/IMG_1431-1-600x800.jpeg 600w, https:\/\/gabyceramique.fr\/wp-content\/uploads\/2019\/01\/IMG_1431-1-225x300.jpeg 225w, https:\/\/gabyceramique.fr\/wp-content\/uploads\/2019\/01\/IMG_1431-1.jpeg 1536w\" sizes=\"(max-width: 768px) 100vw, 768px\" \/><\/figure><\/li><li class=\"blocks-gallery-item\"><figure><img loading=\"lazy\" decoding=\"async\" width=\"768\" height=\"1024\" src=\"http:\/\/gabyceramique.fr\/wp-content\/uploads\/2019\/01\/IMG_1416-768x1024.jpeg\" alt=\"\" data-id=\"443\" data-link=\"http:\/\/gabyceramique.fr\/?attachment_id=443\" class=\"wp-image-443\" srcset=\"https:\/\/gabyceramique.fr\/wp-content\/uploads\/2019\/01\/IMG_1416-768x1024.jpeg 768w, https:\/\/gabyceramique.fr\/wp-content\/uploads\/2019\/01\/IMG_1416-600x800.jpeg 600w, https:\/\/gabyceramique.fr\/wp-content\/uploads\/2019\/01\/IMG_1416-225x300.jpeg 225w, https:\/\/gabyceramique.fr\/wp-content\/uploads\/2019\/01\/IMG_1416.jpeg 1536w\" sizes=\"(max-width: 768px) 100vw, 768px\" \/><\/figure><\/li><\/ul>\n","protected":false},"excerpt":{"rendered":"<p>Une de mes techniques pr\u00e9f\u00e9r\u00e9e est le Raku &nbsp;, n\u00e9 au milieu du 15 si\u00e8cle au Japon. La cuisson Raku &nbsp;consiste \u00e0 recuire une pi\u00e8ce biscuit\u00e9 dans un four sp\u00e9cial . Les&nbsp; pi\u00e8ces sont d\u00e9fourn\u00e9es \u00e0 950 \u2013 1000 \u00b0C selon l\u2019\u00e9mail, et mises &nbsp;rapidement &nbsp;dans \u00ab&nbsp; une marmite&nbsp;\u00bb remplie de copeaux, de sciure de&#8230;<\/p>\n","protected":false},"author":1,"featured_media":0,"parent":0,"menu_order":0,"comment_status":"closed","ping_status":"closed","template":"","meta":{"_kad_post_transparent":"","_kad_post_title":"","_kad_post_layout":"","_kad_post_sidebar_id":"","_kad_post_content_style":"","_kad_post_vertical_padding":"","_kad_post_feature":"","_kad_post_feature_position":"","_kad_post_header":false,"_kad_post_footer":false,"footnotes":"","_advanced_animation_props":"","_moveable":"","_advanced_block_media_mapping":[]},"_links":{"self":[{"href":"https:\/\/gabyceramique.fr\/index.php?rest_route=\/wp\/v2\/pages\/26"}],"collection":[{"href":"https:\/\/gabyceramique.fr\/index.php?rest_route=\/wp\/v2\/pages"}],"about":[{"href":"https:\/\/gabyceramique.fr\/index.php?rest_route=\/wp\/v2\/types\/page"}],"author":[{"embeddable":true,"href":"https:\/\/gabyceramique.fr\/index.php?rest_route=\/wp\/v2\/users\/1"}],"replies":[{"embeddable":true,"href":"https:\/\/gabyceramique.fr\/index.php?rest_route=%2Fwp%2Fv2%2Fcomments&post=26"}],"version-history":[{"count":7,"href":"https:\/\/gabyceramique.fr\/index.php?rest_route=\/wp\/v2\/pages\/26\/revisions"}],"predecessor-version":[{"id":445,"href":"https:\/\/gabyceramique.fr\/index.php?rest_route=\/wp\/v2\/pages\/26\/revisions\/445"}],"wp:attachment":[{"href":"https:\/\/gabyceramique.fr\/index.php?rest_route=%2Fwp%2Fv2%2Fmedia&parent=26"}],"curies":[{"name":"wp","href":"https:\/\/api.w.org\/{rel}","templated":true}]}}